{"id":108,"date":"2016-11-15T20:54:41","date_gmt":"2016-11-15T20:54:41","guid":{"rendered":"http:\/\/cimav.edu.mx\/en\/?page_id=108"},"modified":"2016-12-14T23:23:24","modified_gmt":"2016-12-14T23:23:24","slug":"modelling-of-materials-and-industrial-processes-area","status":"publish","type":"page","link":"https:\/\/cimav.edu.mx\/en\/research\/department-of-metallurgy-and-structural-integrity\/modelling-of-materials-and-industrial-processes-area\/","title":{"rendered":"Materials Modelling and Industrial Processes"},"content":{"rendered":"<h1>Materials and Structures Mechanics<\/h1>\n<div class=\"row\">\n<div class=\"col-sm-6\">\n<p>At a world level, designers of products from all industries use computational simulation as a tool for the designing virtual prototypes with the main purpose of reducing the expenses generated by the physical validation of prototypes designed on a trial and error basis. Furthermore, simulation makes possible to have more efficient industrial processes and products that offer a security added value.<\/p>\n<p>In addition, by using simulations, it is possible to enhance the human resources and materials management, as well as to generate a better knowledge of the product functioning. Usually, these factors are determinant for a company that tries to improve its performance and to have a technological breakthrough.<\/p>\n<p>At the Advanced Materials Research Center, Cimav (Centro de Investigaci\u00f3n en Materiales Avanzados), a multidisciplinary team of specialists who are part of the Modelling of Materials and Industrial Processes group develops models and simulations of the mechanical behavior of materials and structures, for subsequent validation by means of physical tests. The specialists do have outstanding success stories in different types of industries, including aeronautics.<\/p>\n<\/p><\/div>\n<div class=\"col-sm-6 grupo-datos\">\n    <img decoding=\"async\" src=\"\/wp-content\/uploads\/2016\/06\/albertodiaz.jpg\" alt=\"Alberto D\u00edaz\" \/> <\/p>\n<div class=\"responsable\">\n      <a href=\"\/perfil\/albreto.diaz\">Dr. Alberto D\u00edaz<\/a><br \/>Tel. +52 (614) 439 4802<br \/>alberto.diaz@cimav.edu.mx\n    <\/div>\n<\/p><\/div>\n<\/div>\n<h2>Success cases<\/h2>\n<div class=\"row\">\n<div class=\"col-sm-12\">\n<div class=\"panel panel-info\">\n<div class=\"panel-heading\">Development of software for designing cable and hydraulic lines supports for commercial aircrafts<\/div>\n<div class=\"panel-body\">\n<div class=\"row\">\n<div class=\"col-sm-4\">\n<div class=\"row\">\n<div class=\"col-sm-12\">\n                <img decoding=\"async\" src=\"\/wp-content\/uploads\/2016\/06\/Imagen1.jpg\" alt=\"Imagen1\" \/>\n              <\/div>\n<\/p><\/div>\n<hr>\n<div class=\"row\">\n<div class=\"col-sm-12\">\n                <img decoding=\"async\" src=\"\/wp-content\/uploads\/2016\/06\/Imagen2.jpg\" alt=\"Imagen2\" \/><br \/>\n                <em>Vibration mode in a fuselage and displacements in a hydraulic line bracket.<\/em>\n              <\/div>\n<\/p><\/div>\n<\/p><\/div>\n<div class=\"col-sm-8\">\n<p>In the particular case of the aeronautics industry, the group worked for Labinal de Mexico S. A. de C. V., leading firm in the sector services and part of the prestigious group Safran. The research group at Cimav developed a software that allows to automate the calculation and analysis tasks to simulate the mechanical response of cable and hydraulic lines supports, making possible to optimize and validate designs of these components in commercial aircrafts applications. <\/p>\n<p>The parts that hold both the cable and the hydraulic lines are subject to high stress mainly due to vibrations generated in the different flight stages. The software developed by Cimav makes possible to display stresses, strains and vibration modes in the components studied, which helps the user to remove redundant elements which add weight but that do not represent a structural benefit for the aircraft.<\/p>\n<p>Thanks to the use of these simulation tools, the user lowers the costs of hydraulic lines and cabling installation, which subsequently translates into lower fuel consumption and pollutant emissions to the environment, all this without neglecting the aircraft mechanical integrity. In addition to these benefits for the customer, the project realization had additional products such as the copyright registration by the company and the company\u2019s personnel training in structural mechanics and the system use.<\/p>\n<\/p><\/div>\n<\/p><\/div>\n<\/p><\/div>\n<\/p><\/div>\n<div class=\"row\">\n<div class=\"col-sm-12\">\n<div class=\"panel panel-info\">\n<div class=\"panel-heading\">Optimization of the design for the seats supports in commercial aircrafts<\/div>\n<div class=\"panel-body\">\n<p>In this topic, the specialists at Cimav carried out calculations to define the structure and materials to have more comfortable, ergonomic, light and resistant new seats for commercial aircrafts that will be produced by Zodiac Aerospace.<\/p>\n<p>The researchers together with specialists from the company proposed improvements to the original model and created a virtual prototype which was validated by virtual tests simulating extreme usage conditions. Once the theoretical validation was made, the company proceeded to produce the physical prototype with the design being validated by means of physical tests.<\/p>\n<\/p><\/div>\n<\/p><\/div>\n<div class=\"row\">\n<div class=\"col-sm-12\">\n<div class=\"panel panel-info\">\n<div class=\"panel-heading\">Optimization of cranes design<\/div>\n<div class=\"panel-body\">\n<div class=\"row\">\n<div class=\"col-sm-4\">\n                <img decoding=\"async\" src=\"\/wp-content\/uploads\/2016\/06\/Imagen5.jpg\" alt=\"Imagen5\" \/><br \/>\n                <em>Example of crane with basket.<\/em>\n              <\/div>\n<div class=\"col-sm-4\">\n                <img decoding=\"async\" src=\"\/wp-content\/uploads\/2016\/06\/Imagen4.jpg\" alt=\"Imagen4\" \/><br \/>\n                <em>Von Mises stress maps in the crane boom and chassis.<\/em>\n              <\/div>\n<div class=\"col-sm-4\">\n                <img decoding=\"async\" src=\"\/wp-content\/uploads\/2016\/06\/Imagen3.jpg\" alt=\"Imagen3\" \/>\n              <\/div>\n<\/p><\/div>\n<p>This project was carried out for Grupo Industrial Keila, company specialized in the sale of crane with baskets and platform cranes. For this work, researchers at Cimav streamlined the design of some cranes prototypes aimed at reducing the cost and weight, and ensuring the mechanical integrity and stability at every moment. In addition, the materials to be used were defined for every single element of the cranes. Then, in order to check those theoretical calculations, the company developed physical prototypes that were already validated. Today, those cranes already are manufactured and marketed by the company, achieving in such a way another success case.<\/p>\n<\/p><\/div>\n<\/p><\/div>\n<\/p><\/div>\n<\/p><\/div>\n<\/div>\n<div class=\"row\">\n<div class=\"col-sm-12\">\n<p>The above success cases are an example of the potential of the researchers at Cimav in this work area.<\/p>\n<p>Others services and projects offered to companies are: <\/p>\n<ol>\n<li>Structural calculations.\n<li>Stresses and strains analyses\n<li>Optimization of pieces and structures designs\n<li>Processes modelling and simulation\n<li>Modelling and simulation of materials behavior based on and validated through experimentation\n<li>Software development\n<li>Thermomechanical tests (bending, tension, compression, DMA, toughness) as well as impact and hardness measurement tests.\n    <\/ol>\n<h2>Development of MAC LAM V.1.0 and 2.0 software for the mechanical analysis of composite and laminate materials<\/h2>\n<p>This simulation software called Mechanical Analysis of Composites and LAMinates (MAC LAM) was developed by the end of 2004 with academic purposes, not excluding the private sector which can make use of the software under certain conditions. One of its main features is the free use and the system configuration in different languages. <a href=\"http:\/\/maclam.cimav.edu.mx\/ \" target=\"_blank\">http:\/\/maclam.cimav.edu.mx<\/a>.<\/p>\n<p>MAC LAM makes possible to analyze the mechanical properties of composite materials as well as to predict the characteristics that the laminated materials will have, for example, laminated materials used by the aerospace industry. Some of the properties that can be analyzed are flexibility, mechanical strength and stiffness.<\/p>\n<p>This software was developed in close collaboration with the \u00c9cole Nationale des Ponts et Chauss\u00e9es in France and the programming support of students of the Instituto Tecnol\u00f3gico de Chihuahua II.<\/p>\n<h2>Development of finite element software SEDEF V.1.0 <\/h2>\n<p>Globally, simulation and finite element analysis have a great relevance. However, in Mexico, the poor promotion at an academic level is consequence of the high costs of such software. Therefore, specialists at Cimav are developing a flexible, friendly, and free finite element software to avoid the actual scheme which requires to pay in order to make use of such specialized software.<\/p>\n<p>The software will solve numerically, by means of a finite element technique, generic differential equations that can be applied to problems in structural mechanics, fluid mechanics, diffusion of chemical species, and heat transfer, among others.<\/p>\n<p>The software will be mainly for academic purposes and will make possible for students to perform calculations regarding real industrial problems, situations that nowadays are not carried out because of the complexity implied by the analytical solution of equations. This work is carried out in collaboration with the Instituto Tecnol\u00f3gico de Chihuahua II and with the support of master degree students from the Universidad Aut\u00f3noma de Chihuahua conducting thesis research in structural engineering. <\/p>\n<\/p><\/div>\n<\/div>\n<hr>\n<div class=\"row\">\n<div class=\"col-sm-6\">\n<div class=\"panel panel-danger\">\n<div class=\"panel-heading\">Research lines<\/div>\n<div class=\"panel-body\">\n<p>The main research lines of this group are:<\/p>\n<ol>\n<li>Nonlinear behavior models and prediction of failure in adhesives and structural adhesive bonding.\n<li>&#8220;Layer-wise&#8221; models and their implementation in finite element codes for laminated plates and shells analyses.\n<li>Modelling and simulation of photovoltaic cells operation.\n        <\/ol>\n<p>In addition, there are two projects available for software development mainly for educational purposes: MACLAM software and SEDEF software.\n      <\/p><\/div>\n<\/p><\/div>\n<\/p><\/div>\n<div class=\"col-sm-6\">\n   <img decoding=\"async\" src=\"\/wp-content\/uploads\/2016\/06\/grupodiaz.jpg\" alt=\"grupodiaz\" \/>\n  <\/div>\n<\/div>\n","protected":false},"excerpt":{"rendered":"<p>Materials and Structures Mechanics At a world level, designers of products from all industries use computational simulation as a tool for the designing virtual prototypes with the main purpose of reducing the expenses generated by the physical validation of prototypes designed on a trial and error basis. Furthermore, simulation makes possible to have more efficient [&hellip;]<\/p>\n","protected":false},"author":2,"featured_media":0,"parent":94,"menu_order":0,"comment_status":"closed","ping_status":"closed","template":"metalurgia.php","meta":{"footnotes":""},"class_list":["post-108","page","type-page","status-publish","hentry"],"yoast_head":"<!-- This site is optimized with the Yoast SEO plugin v24.7 - https:\/\/yoast.com\/wordpress\/plugins\/seo\/ -->\n<title>Materials Modelling and Industrial Processes - CIMAV<\/title>\n<meta name=\"robots\" content=\"index, follow, max-snippet:-1, max-image-preview:large, max-video-preview:-1\" \/>\n<link rel=\"canonical\" href=\"https:\/\/cimav.edu.mx\/en\/research\/department-of-metallurgy-and-structural-integrity\/modelling-of-materials-and-industrial-processes-area\/\" \/>\n<meta property=\"og:locale\" content=\"en_US\" \/>\n<meta property=\"og:type\" content=\"article\" \/>\n<meta property=\"og:title\" content=\"Materials Modelling and Industrial Processes - CIMAV\" \/>\n<meta property=\"og:description\" content=\"Materials and Structures Mechanics At a world level, designers of products from all industries use computational simulation as a tool for the designing virtual prototypes with the main purpose of reducing the expenses generated by the physical validation of prototypes designed on a trial and error basis. Furthermore, simulation makes possible to have more efficient [&hellip;]\" \/>\n<meta property=\"og:url\" content=\"https:\/\/cimav.edu.mx\/en\/research\/department-of-metallurgy-and-structural-integrity\/modelling-of-materials-and-industrial-processes-area\/\" \/>\n<meta property=\"og:site_name\" content=\"CIMAV\" \/>\n<meta property=\"article:modified_time\" content=\"2016-12-14T23:23:24+00:00\" \/>\n<meta name=\"twitter:card\" content=\"summary_large_image\" \/>\n<meta name=\"twitter:label1\" content=\"Est. reading time\" \/>\n\t<meta name=\"twitter:data1\" content=\"6 minutes\" \/>\n<script type=\"application\/ld+json\" class=\"yoast-schema-graph\">{\"@context\":\"https:\/\/schema.org\",\"@graph\":[{\"@type\":\"WebPage\",\"@id\":\"https:\/\/cimav.edu.mx\/en\/research\/department-of-metallurgy-and-structural-integrity\/modelling-of-materials-and-industrial-processes-area\/\",\"url\":\"https:\/\/cimav.edu.mx\/en\/research\/department-of-metallurgy-and-structural-integrity\/modelling-of-materials-and-industrial-processes-area\/\",\"name\":\"Materials Modelling and Industrial Processes - CIMAV\",\"isPartOf\":{\"@id\":\"https:\/\/cimav.edu.mx\/en\/#website\"},\"datePublished\":\"2016-11-15T20:54:41+00:00\",\"dateModified\":\"2016-12-14T23:23:24+00:00\",\"breadcrumb\":{\"@id\":\"https:\/\/cimav.edu.mx\/en\/research\/department-of-metallurgy-and-structural-integrity\/modelling-of-materials-and-industrial-processes-area\/#breadcrumb\"},\"inLanguage\":\"en-US\",\"potentialAction\":[{\"@type\":\"ReadAction\",\"target\":[\"https:\/\/cimav.edu.mx\/en\/research\/department-of-metallurgy-and-structural-integrity\/modelling-of-materials-and-industrial-processes-area\/\"]}]},{\"@type\":\"BreadcrumbList\",\"@id\":\"https:\/\/cimav.edu.mx\/en\/research\/department-of-metallurgy-and-structural-integrity\/modelling-of-materials-and-industrial-processes-area\/#breadcrumb\",\"itemListElement\":[{\"@type\":\"ListItem\",\"position\":1,\"name\":\"Inicio\",\"item\":\"https:\/\/cimav.edu.mx\/en\/\"},{\"@type\":\"ListItem\",\"position\":2,\"name\":\"Research\",\"item\":\"https:\/\/cimav.edu.mx\/en\/research\/\"},{\"@type\":\"ListItem\",\"position\":3,\"name\":\"Department of Metallurgy and Structural Integrity\",\"item\":\"https:\/\/cimav.edu.mx\/en\/research\/department-of-metallurgy-and-structural-integrity\/\"},{\"@type\":\"ListItem\",\"position\":4,\"name\":\"Materials Modelling and Industrial Processes\"}]},{\"@type\":\"WebSite\",\"@id\":\"https:\/\/cimav.edu.mx\/en\/#website\",\"url\":\"https:\/\/cimav.edu.mx\/en\/\",\"name\":\"CIMAV\",\"description\":\"Centro de Investigaci\u00f3n en Materiales Avanzados, S. C.\",\"potentialAction\":[{\"@type\":\"SearchAction\",\"target\":{\"@type\":\"EntryPoint\",\"urlTemplate\":\"https:\/\/cimav.edu.mx\/en\/?s={search_term_string}\"},\"query-input\":{\"@type\":\"PropertyValueSpecification\",\"valueRequired\":true,\"valueName\":\"search_term_string\"}}],\"inLanguage\":\"en-US\"}]}<\/script>\n<!-- \/ Yoast SEO plugin. -->","yoast_head_json":{"title":"Materials Modelling and Industrial Processes - CIMAV","robots":{"index":"index","follow":"follow","max-snippet":"max-snippet:-1","max-image-preview":"max-image-preview:large","max-video-preview":"max-video-preview:-1"},"canonical":"https:\/\/cimav.edu.mx\/en\/research\/department-of-metallurgy-and-structural-integrity\/modelling-of-materials-and-industrial-processes-area\/","og_locale":"en_US","og_type":"article","og_title":"Materials Modelling and Industrial Processes - CIMAV","og_description":"Materials and Structures Mechanics At a world level, designers of products from all industries use computational simulation as a tool for the designing virtual prototypes with the main purpose of reducing the expenses generated by the physical validation of prototypes designed on a trial and error basis. Furthermore, simulation makes possible to have more efficient [&hellip;]","og_url":"https:\/\/cimav.edu.mx\/en\/research\/department-of-metallurgy-and-structural-integrity\/modelling-of-materials-and-industrial-processes-area\/","og_site_name":"CIMAV","article_modified_time":"2016-12-14T23:23:24+00:00","twitter_card":"summary_large_image","twitter_misc":{"Est. reading time":"6 minutes"},"schema":{"@context":"https:\/\/schema.org","@graph":[{"@type":"WebPage","@id":"https:\/\/cimav.edu.mx\/en\/research\/department-of-metallurgy-and-structural-integrity\/modelling-of-materials-and-industrial-processes-area\/","url":"https:\/\/cimav.edu.mx\/en\/research\/department-of-metallurgy-and-structural-integrity\/modelling-of-materials-and-industrial-processes-area\/","name":"Materials Modelling and Industrial Processes - CIMAV","isPartOf":{"@id":"https:\/\/cimav.edu.mx\/en\/#website"},"datePublished":"2016-11-15T20:54:41+00:00","dateModified":"2016-12-14T23:23:24+00:00","breadcrumb":{"@id":"https:\/\/cimav.edu.mx\/en\/research\/department-of-metallurgy-and-structural-integrity\/modelling-of-materials-and-industrial-processes-area\/#breadcrumb"},"inLanguage":"en-US","potentialAction":[{"@type":"ReadAction","target":["https:\/\/cimav.edu.mx\/en\/research\/department-of-metallurgy-and-structural-integrity\/modelling-of-materials-and-industrial-processes-area\/"]}]},{"@type":"BreadcrumbList","@id":"https:\/\/cimav.edu.mx\/en\/research\/department-of-metallurgy-and-structural-integrity\/modelling-of-materials-and-industrial-processes-area\/#breadcrumb","itemListElement":[{"@type":"ListItem","position":1,"name":"Inicio","item":"https:\/\/cimav.edu.mx\/en\/"},{"@type":"ListItem","position":2,"name":"Research","item":"https:\/\/cimav.edu.mx\/en\/research\/"},{"@type":"ListItem","position":3,"name":"Department of Metallurgy and Structural Integrity","item":"https:\/\/cimav.edu.mx\/en\/research\/department-of-metallurgy-and-structural-integrity\/"},{"@type":"ListItem","position":4,"name":"Materials Modelling and Industrial Processes"}]},{"@type":"WebSite","@id":"https:\/\/cimav.edu.mx\/en\/#website","url":"https:\/\/cimav.edu.mx\/en\/","name":"CIMAV","description":"Centro de Investigaci\u00f3n en Materiales Avanzados, S. C.","potentialAction":[{"@type":"SearchAction","target":{"@type":"EntryPoint","urlTemplate":"https:\/\/cimav.edu.mx\/en\/?s={search_term_string}"},"query-input":{"@type":"PropertyValueSpecification","valueRequired":true,"valueName":"search_term_string"}}],"inLanguage":"en-US"}]}},"_links":{"self":[{"href":"https:\/\/cimav.edu.mx\/en\/wp-json\/wp\/v2\/pages\/108","targetHints":{"allow":["GET"]}}],"collection":[{"href":"https:\/\/cimav.edu.mx\/en\/wp-json\/wp\/v2\/pages"}],"about":[{"href":"https:\/\/cimav.edu.mx\/en\/wp-json\/wp\/v2\/types\/page"}],"author":[{"embeddable":true,"href":"https:\/\/cimav.edu.mx\/en\/wp-json\/wp\/v2\/users\/2"}],"replies":[{"embeddable":true,"href":"https:\/\/cimav.edu.mx\/en\/wp-json\/wp\/v2\/comments?post=108"}],"version-history":[{"count":4,"href":"https:\/\/cimav.edu.mx\/en\/wp-json\/wp\/v2\/pages\/108\/revisions"}],"predecessor-version":[{"id":249,"href":"https:\/\/cimav.edu.mx\/en\/wp-json\/wp\/v2\/pages\/108\/revisions\/249"}],"up":[{"embeddable":true,"href":"https:\/\/cimav.edu.mx\/en\/wp-json\/wp\/v2\/pages\/94"}],"wp:attachment":[{"href":"https:\/\/cimav.edu.mx\/en\/wp-json\/wp\/v2\/media?parent=108"}],"curies":[{"name":"wp","href":"https:\/\/api.w.org\/{rel}","templated":true}]}}