{"id":564,"date":"2020-07-06T23:18:48","date_gmt":"2020-07-06T23:18:48","guid":{"rendered":"http:\/\/cimav.edu.mx\/en\/?page_id=564"},"modified":"2020-07-06T23:35:06","modified_gmt":"2020-07-06T23:35:06","slug":"laboratory-services","status":"publish","type":"page","link":"https:\/\/cimav.edu.mx\/en\/technology-transfer\/laboratory-services\/","title":{"rendered":"Laboratory services"},"content":{"rendered":"<div class=\"row\">\n<div class=\"col-sm-9\">\n<p>At CIMAV, we have more than 50 laboratories equipped with advanced technology in which around 120 academics work to solve different problems of the industrial sector.<\/p>\n<p>The methods and processes of analysis adhere to international standards to obtain reliable results.<\/p>\n<p>We perform more than 1000 services per year.<\/p>\n<p>Accredited tests and methods<\/p>\n<div class=\"row grupos-fisica\">\n<div class=\"col-sm-2\">\n        <a href=\"\/laboratorios\/analisis-quimicos\/\"><img decoding=\"async\" src=\"\/wp-content\/uploads\/2015\/12\/quimicos.jpg\" class=\"img-circle\" \/><br \/>An\u00e1lisis Qu\u00edmico<\/a>\n      <\/div>\n<div class=\"col-sm-2\">\n        <a href=\"\/laboratorios\/analisis-termico\/\"><img decoding=\"async\" src=\"\/wp-content\/uploads\/2015\/12\/termicos.jpg\" alt=\"termicos\" class=\"img-circle\" \/><br \/>An\u00e1lisis T\u00e9rmico<\/a>\n      <\/div>\n<div class=\"col-sm-2\">\n        <a href=\"\/laboratorios\/ensayos-no-destructivos\/\"><img decoding=\"async\" src=\"\/wp-content\/uploads\/2015\/12\/no-destructivos.jpg\" alt=\"no-destructivos\" class=\"img-circle\" \/><br \/>Ensayos No Destructivos<\/a>\n      <\/div>\n<div class=\"col-sm-2\">\n        <a href=\"\/laboratorios\/microscopia-electronica-de-barrido\/\"><img decoding=\"async\" src=\"\/wp-content\/uploads\/2015\/12\/edax.jpg\" alt=\"edax\" class=\"img-circle\" \/>Microscop\u00eda Electr\u00f3nica de Barrido<\/a>\n      <\/div>\n<div class=\"col-sm-2\">\n        <a href=\"\/transferencia-tecnologica\/servicios-de-laboratorio\/laboratorio-de-metrologia\/\"><img decoding=\"async\" src=\"\/wp-content\/uploads\/2015\/12\/metro.jpg\" alt=\"metro\" class=\"img-circle\" \/><br \/>Metrolog\u00eda<\/a>\n      <\/div>\n<\/p><\/div>\n<div class=\"row grupos-fisica\">\n<div class=\"col-sm-2\">\n        <a href=\"http:\/\/ntch.cimav.edu.mx\/\" target=\"_blank\"><img decoding=\"async\" src=\"http:\/\/cimav.edu.mx\/wp-content\/uploads\/2015\/12\/nano.jpg\" alt=\"nano\" class=\"img-circle\" \/>Nanotecnolog\u00eda<\/a>\n      <\/div>\n<div class=\"col-sm-2\">\n        <a href=\"\/laboratorios\/procesamiento-de-polimeros\/\"><img decoding=\"async\" src=\"\/wp-content\/uploads\/2015\/12\/polimeros.jpg\" class=\"img-circle\" \/><br \/>Procesamiento de Pol\u00edmeros<\/a>\n      <\/div>\n<div class=\"col-sm-2\">\n        <a href=\"\/laboratorios\/rayos-x\/\"><img decoding=\"async\" src=\"\/wp-content\/uploads\/2015\/12\/rx.jpg\" class=\"img-circle\" \/>Rayos X<\/a>\n      <\/div>\n<div class=\"col-sm-2\">\n        <a href=\"\/laboratorios\/residuos\/\"><img decoding=\"async\" src=\"\/wp-content\/uploads\/2015\/12\/residuos.jpg\" alt=\"residuos\" class=\"img-circle\" \/><br \/>Residuos<\/a>\n      <\/div>\n<div class=\"col-sm-2\">\n        <a href=\"\/laboratorios\/reologia\/\"><img decoding=\"async\" src=\"\/wp-content\/uploads\/2015\/12\/reometro.jpg\" alt=\"reometro\" class=\"img-circle\" \/><br \/>Reolog\u00eda<\/a>\n      <\/div>\n<\/p><\/div>\n<div class=\"row grupos-fisica\">\n<div class=\"col-sm-2\">\n        <a href=\"\/laboratorios\/correccion-y-proteccion\/ \"><img decoding=\"async\" src=\"\/wp-content\/uploads\/2015\/12\/salina.jpg\" class=\"img-circle\" \/><br \/>Corrosi\u00f3n y Protecci\u00f3n<\/a>\n      <\/div>\n<div class=\"col-sm-2\">\n        <a href=\"\/laboratorios\/catalisis\/\"><img decoding=\"async\" src=\"\/wp-content\/uploads\/2015\/12\/catalisis.jpg\" alt=\"catalisis\" class=\"img-circle\" \/><br \/>Cat\u00e1lisis<\/a>\n      <\/div>\n<div class=\"col-sm-2\">\n        <a href=\"\/laboratorios\/atomizacion-de-metales\/\"><img decoding=\"async\" src=\"\/wp-content\/uploads\/2015\/12\/atomizacion1.jpg\" class=\"img-circle\" \/><br \/>Atomizaci\u00f3n<br \/> de metales<\/a>\n      <\/div>\n<div class=\"col-sm-2\">\n        <a href=\"\/laboratorios\/calidad-del-aire\/\"><img decoding=\"async\" src=\"\/wp-content\/uploads\/2015\/12\/aire.png\" alt=\"aire\" class=\"img-circle\" \/><br \/>Calidad del aire<\/a>\n      <\/div>\n<\/p><\/div>\n<\/p><\/div>\n<hr>\n<div class=\"col-sm-3 grupo-datos linea-vertical\">\n    <a href=\"https:\/\/cimav.edu.mx\/transferencia-tecnologica\/politica-de-recepcion-de-muestras\">Pol\u00edtica de recepci\u00f3n de muestras<\/a><\/p>\n<div class=\"responsable\">\n      <span>Chihuahua:<\/span><br \/><strong>M.M. Salom\u00f3n Maloof<\/strong><br \/>Tel. +52 (614) 439 1191<br \/>salomon.maloof@cimav.edu.mx\n    <\/div>\n<div class=\"responsable\">\n       <strong>M.I.E.F. Karen Valles<\/strong><br \/>Tel. +52 (614) 439 1116<br \/>karen.valles@cimav.edu.mx\n     <\/div>\n<div class=\"responsable\">\n       <span>Oficina en Cd. Ju\u00e1rez<\/span><br \/>\n       <strong>Ing. Ana Rodr\u00edguez<\/strong><br \/>\n       Cel. +52 (656) 199 7438<br \/>\n       ana.rodriguez@cimav.edu.mx\n     <\/div>\n<div class=\"responsable\">\n      <span>Monterrey:<\/span><br \/><strong>M.C. Marisol Nev\u00e1rez<\/strong><br \/>Tel. +52 (81) 1156 0815<br \/>marisol.nevarez@cimav.edu.mx\n    <\/div>\n<\/p><\/div>\n<\/div>\n<h1>Accredited tests and methods<\/h1>\n<p>Cimav\u2019s <strong>Quality Management Coordination<\/strong> operates under the <strong>NADCAP<\/strong> (National Aerospace and Defense Contractors Accreditation Program) audit criteria, in addition to the general requirements for the competence of ISO \/ IEC 17025: 2005 testing and calibration laboratories, application criteria for the <strong>Mexican Accreditation Entity<\/strong> (EMA) and <strong>customer requirements<\/strong>. These criteria guarantee that we have adequate facilities and equipment, coupled with the best level of technical quality of our scientific and technological personnel who provide reliable results, satisfying the needs of our customers.<\/p>\n<p>The laboratories that are within the scope of the Quality Management System are:<\/p>\n<ul>\n<li>-Chemical analysis\n<li>-Air quality\n<li>-Corrosion and Protection\n<li>Metrology\n<li>-Mechanical Tests\n<li>-Waste\n<\/ul>\n","protected":false},"excerpt":{"rendered":"<p>At CIMAV, we have more than 50 laboratories equipped with advanced technology in which around 120 academics work to solve different problems of the industrial sector. The methods and processes of analysis adhere to international standards to obtain reliable results. We perform more than 1000 services per year. Accredited tests and methods An\u00e1lisis Qu\u00edmico An\u00e1lisis [&hellip;]<\/p>\n","protected":false},"author":2,"featured_media":0,"parent":549,"menu_order":0,"comment_status":"closed","ping_status":"closed","template":"","meta":{"footnotes":""},"class_list":["post-564","page","type-page","status-publish","hentry"],"yoast_head":"<!-- This site is optimized with the Yoast SEO plugin v24.7 - https:\/\/yoast.com\/wordpress\/plugins\/seo\/ -->\n<title>Laboratory services - CIMAV<\/title>\n<meta name=\"robots\" content=\"index, follow, max-snippet:-1, max-image-preview:large, max-video-preview:-1\" \/>\n<link rel=\"canonical\" href=\"https:\/\/cimav.edu.mx\/en\/technology-transfer\/laboratory-services\/\" \/>\n<meta property=\"og:locale\" content=\"en_US\" \/>\n<meta property=\"og:type\" content=\"article\" \/>\n<meta property=\"og:title\" content=\"Laboratory services - CIMAV\" \/>\n<meta property=\"og:description\" content=\"At CIMAV, we have more than 50 laboratories equipped with advanced technology in which around 120 academics work to solve different problems of the industrial sector. The methods and processes of analysis adhere to international standards to obtain reliable results. We perform more than 1000 services per year. Accredited tests and methods An\u00e1lisis Qu\u00edmico An\u00e1lisis [&hellip;]\" \/>\n<meta property=\"og:url\" content=\"https:\/\/cimav.edu.mx\/en\/technology-transfer\/laboratory-services\/\" \/>\n<meta property=\"og:site_name\" content=\"CIMAV\" \/>\n<meta property=\"article:modified_time\" content=\"2020-07-06T23:35:06+00:00\" \/>\n<meta property=\"og:image\" content=\"http:\/\/cimav.edu.mx\/wp-content\/uploads\/2015\/12\/nano.jpg\" \/>\n<meta name=\"twitter:card\" content=\"summary_large_image\" \/>\n<meta name=\"twitter:label1\" content=\"Est. reading time\" \/>\n\t<meta name=\"twitter:data1\" content=\"1 minute\" \/>\n<script type=\"application\/ld+json\" class=\"yoast-schema-graph\">{\"@context\":\"https:\/\/schema.org\",\"@graph\":[{\"@type\":\"WebPage\",\"@id\":\"https:\/\/cimav.edu.mx\/en\/technology-transfer\/laboratory-services\/\",\"url\":\"https:\/\/cimav.edu.mx\/en\/technology-transfer\/laboratory-services\/\",\"name\":\"Laboratory services - CIMAV\",\"isPartOf\":{\"@id\":\"https:\/\/cimav.edu.mx\/en\/#website\"},\"primaryImageOfPage\":{\"@id\":\"https:\/\/cimav.edu.mx\/en\/technology-transfer\/laboratory-services\/#primaryimage\"},\"image\":{\"@id\":\"https:\/\/cimav.edu.mx\/en\/technology-transfer\/laboratory-services\/#primaryimage\"},\"thumbnailUrl\":\"http:\/\/cimav.edu.mx\/wp-content\/uploads\/2015\/12\/nano.jpg\",\"datePublished\":\"2020-07-06T23:18:48+00:00\",\"dateModified\":\"2020-07-06T23:35:06+00:00\",\"breadcrumb\":{\"@id\":\"https:\/\/cimav.edu.mx\/en\/technology-transfer\/laboratory-services\/#breadcrumb\"},\"inLanguage\":\"en-US\",\"potentialAction\":[{\"@type\":\"ReadAction\",\"target\":[\"https:\/\/cimav.edu.mx\/en\/technology-transfer\/laboratory-services\/\"]}]},{\"@type\":\"ImageObject\",\"inLanguage\":\"en-US\",\"@id\":\"https:\/\/cimav.edu.mx\/en\/technology-transfer\/laboratory-services\/#primaryimage\",\"url\":\"http:\/\/cimav.edu.mx\/wp-content\/uploads\/2015\/12\/nano.jpg\",\"contentUrl\":\"http:\/\/cimav.edu.mx\/wp-content\/uploads\/2015\/12\/nano.jpg\"},{\"@type\":\"BreadcrumbList\",\"@id\":\"https:\/\/cimav.edu.mx\/en\/technology-transfer\/laboratory-services\/#breadcrumb\",\"itemListElement\":[{\"@type\":\"ListItem\",\"position\":1,\"name\":\"Inicio\",\"item\":\"https:\/\/cimav.edu.mx\/en\/\"},{\"@type\":\"ListItem\",\"position\":2,\"name\":\"Technology transfer\",\"item\":\"https:\/\/cimav.edu.mx\/en\/technology-transfer\/\"},{\"@type\":\"ListItem\",\"position\":3,\"name\":\"Laboratory services\"}]},{\"@type\":\"WebSite\",\"@id\":\"https:\/\/cimav.edu.mx\/en\/#website\",\"url\":\"https:\/\/cimav.edu.mx\/en\/\",\"name\":\"CIMAV\",\"description\":\"Centro de Investigaci\u00f3n en Materiales Avanzados, S. C.\",\"potentialAction\":[{\"@type\":\"SearchAction\",\"target\":{\"@type\":\"EntryPoint\",\"urlTemplate\":\"https:\/\/cimav.edu.mx\/en\/?s={search_term_string}\"},\"query-input\":{\"@type\":\"PropertyValueSpecification\",\"valueRequired\":true,\"valueName\":\"search_term_string\"}}],\"inLanguage\":\"en-US\"}]}<\/script>\n<!-- \/ Yoast SEO plugin. -->","yoast_head_json":{"title":"Laboratory services - CIMAV","robots":{"index":"index","follow":"follow","max-snippet":"max-snippet:-1","max-image-preview":"max-image-preview:large","max-video-preview":"max-video-preview:-1"},"canonical":"https:\/\/cimav.edu.mx\/en\/technology-transfer\/laboratory-services\/","og_locale":"en_US","og_type":"article","og_title":"Laboratory services - CIMAV","og_description":"At CIMAV, we have more than 50 laboratories equipped with advanced technology in which around 120 academics work to solve different problems of the industrial sector. The methods and processes of analysis adhere to international standards to obtain reliable results. We perform more than 1000 services per year. Accredited tests and methods An\u00e1lisis Qu\u00edmico An\u00e1lisis [&hellip;]","og_url":"https:\/\/cimav.edu.mx\/en\/technology-transfer\/laboratory-services\/","og_site_name":"CIMAV","article_modified_time":"2020-07-06T23:35:06+00:00","og_image":[{"url":"http:\/\/cimav.edu.mx\/wp-content\/uploads\/2015\/12\/nano.jpg","type":"","width":"","height":""}],"twitter_card":"summary_large_image","twitter_misc":{"Est. reading time":"1 minute"},"schema":{"@context":"https:\/\/schema.org","@graph":[{"@type":"WebPage","@id":"https:\/\/cimav.edu.mx\/en\/technology-transfer\/laboratory-services\/","url":"https:\/\/cimav.edu.mx\/en\/technology-transfer\/laboratory-services\/","name":"Laboratory services - CIMAV","isPartOf":{"@id":"https:\/\/cimav.edu.mx\/en\/#website"},"primaryImageOfPage":{"@id":"https:\/\/cimav.edu.mx\/en\/technology-transfer\/laboratory-services\/#primaryimage"},"image":{"@id":"https:\/\/cimav.edu.mx\/en\/technology-transfer\/laboratory-services\/#primaryimage"},"thumbnailUrl":"http:\/\/cimav.edu.mx\/wp-content\/uploads\/2015\/12\/nano.jpg","datePublished":"2020-07-06T23:18:48+00:00","dateModified":"2020-07-06T23:35:06+00:00","breadcrumb":{"@id":"https:\/\/cimav.edu.mx\/en\/technology-transfer\/laboratory-services\/#breadcrumb"},"inLanguage":"en-US","potentialAction":[{"@type":"ReadAction","target":["https:\/\/cimav.edu.mx\/en\/technology-transfer\/laboratory-services\/"]}]},{"@type":"ImageObject","inLanguage":"en-US","@id":"https:\/\/cimav.edu.mx\/en\/technology-transfer\/laboratory-services\/#primaryimage","url":"http:\/\/cimav.edu.mx\/wp-content\/uploads\/2015\/12\/nano.jpg","contentUrl":"http:\/\/cimav.edu.mx\/wp-content\/uploads\/2015\/12\/nano.jpg"},{"@type":"BreadcrumbList","@id":"https:\/\/cimav.edu.mx\/en\/technology-transfer\/laboratory-services\/#breadcrumb","itemListElement":[{"@type":"ListItem","position":1,"name":"Inicio","item":"https:\/\/cimav.edu.mx\/en\/"},{"@type":"ListItem","position":2,"name":"Technology transfer","item":"https:\/\/cimav.edu.mx\/en\/technology-transfer\/"},{"@type":"ListItem","position":3,"name":"Laboratory services"}]},{"@type":"WebSite","@id":"https:\/\/cimav.edu.mx\/en\/#website","url":"https:\/\/cimav.edu.mx\/en\/","name":"CIMAV","description":"Centro de Investigaci\u00f3n en Materiales Avanzados, S. C.","potentialAction":[{"@type":"SearchAction","target":{"@type":"EntryPoint","urlTemplate":"https:\/\/cimav.edu.mx\/en\/?s={search_term_string}"},"query-input":{"@type":"PropertyValueSpecification","valueRequired":true,"valueName":"search_term_string"}}],"inLanguage":"en-US"}]}},"_links":{"self":[{"href":"https:\/\/cimav.edu.mx\/en\/wp-json\/wp\/v2\/pages\/564","targetHints":{"allow":["GET"]}}],"collection":[{"href":"https:\/\/cimav.edu.mx\/en\/wp-json\/wp\/v2\/pages"}],"about":[{"href":"https:\/\/cimav.edu.mx\/en\/wp-json\/wp\/v2\/types\/page"}],"author":[{"embeddable":true,"href":"https:\/\/cimav.edu.mx\/en\/wp-json\/wp\/v2\/users\/2"}],"replies":[{"embeddable":true,"href":"https:\/\/cimav.edu.mx\/en\/wp-json\/wp\/v2\/comments?post=564"}],"version-history":[{"count":5,"href":"https:\/\/cimav.edu.mx\/en\/wp-json\/wp\/v2\/pages\/564\/revisions"}],"predecessor-version":[{"id":570,"href":"https:\/\/cimav.edu.mx\/en\/wp-json\/wp\/v2\/pages\/564\/revisions\/570"}],"up":[{"embeddable":true,"href":"https:\/\/cimav.edu.mx\/en\/wp-json\/wp\/v2\/pages\/549"}],"wp:attachment":[{"href":"https:\/\/cimav.edu.mx\/en\/wp-json\/wp\/v2\/media?parent=564"}],"curies":[{"name":"wp","href":"https:\/\/api.w.org\/{rel}","templated":true}]}}